{"id":259,"date":"2025-09-21T15:54:52","date_gmt":"2025-09-21T15:54:52","guid":{"rendered":"https:\/\/johanroussely.com\/?page_id=259"},"modified":"2025-09-21T15:56:00","modified_gmt":"2025-09-21T15:56:00","slug":"escapade-dans-les-pyrenees-ete-2024","status":"publish","type":"page","link":"https:\/\/johanroussely.com\/index.php\/escapade-dans-les-pyrenees-ete-2024\/","title":{"rendered":"Escapade dans les Pyr\u00e9n\u00e9es &#8211; \u00e9t\u00e9 2024"},"content":{"rendered":"\n<figure class=\"wp-block-gallery has-nested-images columns-default is-cropped wp-block-gallery-1 is-layout-flex wp-block-gallery-is-layout-flex\">\n<figure class=\"wp-block-image size-large\"><img loading=\"lazy\" decoding=\"async\" width=\"1024\" height=\"768\" data-id=\"208\" src=\"https:\/\/johanroussely.com\/wp-content\/uploads\/2025\/07\/WhatsApp-Image-2025-07-04-a-17.27.46_35e92abf-1024x768.jpg\" alt=\"\" class=\"wp-image-208\" srcset=\"https:\/\/johanroussely.com\/wp-content\/uploads\/2025\/07\/WhatsApp-Image-2025-07-04-a-17.27.46_35e92abf-1024x768.jpg 1024w, https:\/\/johanroussely.com\/wp-content\/uploads\/2025\/07\/WhatsApp-Image-2025-07-04-a-17.27.46_35e92abf-300x225.jpg 300w, https:\/\/johanroussely.com\/wp-content\/uploads\/2025\/07\/WhatsApp-Image-2025-07-04-a-17.27.46_35e92abf-768x576.jpg 768w, https:\/\/johanroussely.com\/wp-content\/uploads\/2025\/07\/WhatsApp-Image-2025-07-04-a-17.27.46_35e92abf-1536x1152.jpg 1536w, https:\/\/johanroussely.com\/wp-content\/uploads\/2025\/07\/WhatsApp-Image-2025-07-04-a-17.27.46_35e92abf.jpg 1600w\" sizes=\"auto, (max-width: 1024px) 100vw, 1024px\" \/><\/figure>\n\n\n\n<figure class=\"wp-block-image size-large\"><img loading=\"lazy\" decoding=\"async\" width=\"1024\" height=\"768\" data-id=\"209\" src=\"https:\/\/johanroussely.com\/wp-content\/uploads\/2025\/07\/WhatsApp-Image-2025-07-04-a-17.29.12_477c73e1-1024x768.jpg\" alt=\"\" class=\"wp-image-209\" srcset=\"https:\/\/johanroussely.com\/wp-content\/uploads\/2025\/07\/WhatsApp-Image-2025-07-04-a-17.29.12_477c73e1-1024x768.jpg 1024w, https:\/\/johanroussely.com\/wp-content\/uploads\/2025\/07\/WhatsApp-Image-2025-07-04-a-17.29.12_477c73e1-300x225.jpg 300w, https:\/\/johanroussely.com\/wp-content\/uploads\/2025\/07\/WhatsApp-Image-2025-07-04-a-17.29.12_477c73e1-768x576.jpg 768w, https:\/\/johanroussely.com\/wp-content\/uploads\/2025\/07\/WhatsApp-Image-2025-07-04-a-17.29.12_477c73e1-1536x1152.jpg 1536w, https:\/\/johanroussely.com\/wp-content\/uploads\/2025\/07\/WhatsApp-Image-2025-07-04-a-17.29.12_477c73e1.jpg 1600w\" sizes=\"auto, (max-width: 1024px) 100vw, 1024px\" \/><\/figure>\n\n\n\n<figure class=\"wp-block-image size-large\"><img loading=\"lazy\" decoding=\"async\" width=\"1024\" height=\"768\" data-id=\"31\" src=\"https:\/\/johanroussely.com\/wp-content\/uploads\/2025\/06\/WhatsApp-Image-2025-07-01-a-11.41.38_29bdd647-1024x768.jpg\" alt=\"Mon escapade dans les pyr\u00e9n\u00e9es avec papa - \u00e9t\u00e9 2024\" class=\"wp-image-31\" srcset=\"https:\/\/johanroussely.com\/wp-content\/uploads\/2025\/06\/WhatsApp-Image-2025-07-01-a-11.41.38_29bdd647-1024x768.jpg 1024w, https:\/\/johanroussely.com\/wp-content\/uploads\/2025\/06\/WhatsApp-Image-2025-07-01-a-11.41.38_29bdd647-300x225.jpg 300w, https:\/\/johanroussely.com\/wp-content\/uploads\/2025\/06\/WhatsApp-Image-2025-07-01-a-11.41.38_29bdd647-768x576.jpg 768w, https:\/\/johanroussely.com\/wp-content\/uploads\/2025\/06\/WhatsApp-Image-2025-07-01-a-11.41.38_29bdd647-1536x1152.jpg 1536w, https:\/\/johanroussely.com\/wp-content\/uploads\/2025\/06\/WhatsApp-Image-2025-07-01-a-11.41.38_29bdd647.jpg 1600w\" sizes=\"auto, (max-width: 1024px) 100vw, 1024px\" \/><figcaption class=\"wp-element-caption\">Mon escapade dans les pyr\u00e9n\u00e9es avec papa &#8211; \u00e9t\u00e9 2024<\/figcaption><\/figure>\n<\/figure>\n\n\n\n<p><\/p>\n\n\n\n<p><\/p>\n","protected":false},"excerpt":{"rendered":"","protected":false},"author":1,"featured_media":0,"parent":0,"menu_order":0,"comment_status":"closed","ping_status":"closed","template":"","meta":{"footnotes":""},"class_list":["post-259","page","type-page","status-publish","hentry"],"_links":{"self":[{"href":"https:\/\/johanroussely.com\/index.php\/wp-json\/wp\/v2\/pages\/259","targetHints":{"allow":["GET"]}}],"collection":[{"href":"https:\/\/johanroussely.com\/index.php\/wp-json\/wp\/v2\/pages"}],"about":[{"href":"https:\/\/johanroussely.com\/index.php\/wp-json\/wp\/v2\/types\/page"}],"author":[{"embeddable":true,"href":"https:\/\/johanroussely.com\/index.php\/wp-json\/wp\/v2\/users\/1"}],"replies":[{"embeddable":true,"href":"https:\/\/johanroussely.com\/index.php\/wp-json\/wp\/v2\/comments?post=259"}],"version-history":[{"count":2,"href":"https:\/\/johanroussely.com\/index.php\/wp-json\/wp\/v2\/pages\/259\/revisions"}],"predecessor-version":[{"id":261,"href":"https:\/\/johanroussely.com\/index.php\/wp-json\/wp\/v2\/pages\/259\/revisions\/261"}],"wp:attachment":[{"href":"https:\/\/johanroussely.com\/index.php\/wp-json\/wp\/v2\/media?parent=259"}],"curies":[{"name":"wp","href":"https:\/\/api.w.org\/{rel}","templated":true}]}}