{"id":256,"date":"2025-09-21T15:08:11","date_gmt":"2025-09-21T15:08:11","guid":{"rendered":"https:\/\/johanroussely.com\/?page_id=256"},"modified":"2025-09-21T16:12:13","modified_gmt":"2025-09-21T16:12:13","slug":"norvege-2024","status":"publish","type":"page","link":"https:\/\/johanroussely.com\/index.php\/norvege-2024\/","title":{"rendered":"Norv\u00e8ge \u00e9t\u00e9 2024"},"content":{"rendered":"\n<figure class=\"wp-block-gallery has-nested-images columns-default is-cropped wp-block-gallery-1 is-layout-flex wp-block-gallery-is-layout-flex\">\n<figure class=\"wp-block-image size-large\"><img loading=\"lazy\" decoding=\"async\" width=\"1024\" height=\"576\" data-id=\"203\" src=\"https:\/\/johanroussely.com\/wp-content\/uploads\/2025\/07\/WhatsApp-Image-2025-07-04-a-16.29.38_4b47c0e8-1024x576.jpg\" alt=\"\" class=\"wp-image-203\" srcset=\"https:\/\/johanroussely.com\/wp-content\/uploads\/2025\/07\/WhatsApp-Image-2025-07-04-a-16.29.38_4b47c0e8-1024x576.jpg 1024w, https:\/\/johanroussely.com\/wp-content\/uploads\/2025\/07\/WhatsApp-Image-2025-07-04-a-16.29.38_4b47c0e8-300x169.jpg 300w, https:\/\/johanroussely.com\/wp-content\/uploads\/2025\/07\/WhatsApp-Image-2025-07-04-a-16.29.38_4b47c0e8-768x432.jpg 768w, https:\/\/johanroussely.com\/wp-content\/uploads\/2025\/07\/WhatsApp-Image-2025-07-04-a-16.29.38_4b47c0e8-1536x864.jpg 1536w, https:\/\/johanroussely.com\/wp-content\/uploads\/2025\/07\/WhatsApp-Image-2025-07-04-a-16.29.38_4b47c0e8.jpg 1600w\" sizes=\"auto, (max-width: 1024px) 100vw, 1024px\" \/><\/figure>\n\n\n\n<figure class=\"wp-block-image size-large\"><img loading=\"lazy\" decoding=\"async\" width=\"880\" height=\"1024\" data-id=\"204\" src=\"https:\/\/johanroussely.com\/wp-content\/uploads\/2025\/07\/IMG_0185-880x1024.jpg\" alt=\"\" class=\"wp-image-204\" srcset=\"https:\/\/johanroussely.com\/wp-content\/uploads\/2025\/07\/IMG_0185-880x1024.jpg 880w, https:\/\/johanroussely.com\/wp-content\/uploads\/2025\/07\/IMG_0185-258x300.jpg 258w, https:\/\/johanroussely.com\/wp-content\/uploads\/2025\/07\/IMG_0185-768x893.jpg 768w, https:\/\/johanroussely.com\/wp-content\/uploads\/2025\/07\/IMG_0185.jpg 1018w\" sizes=\"auto, (max-width: 880px) 100vw, 880px\" \/><\/figure>\n\n\n\n<figure class=\"wp-block-image size-large\"><img loading=\"lazy\" decoding=\"async\" width=\"1024\" height=\"768\" data-id=\"196\" src=\"https:\/\/johanroussely.com\/wp-content\/uploads\/2025\/07\/20240716_0000101-1-1024x768.jpg\" alt=\"\" class=\"wp-image-196\" srcset=\"https:\/\/johanroussely.com\/wp-content\/uploads\/2025\/07\/20240716_0000101-1-1024x768.jpg 1024w, https:\/\/johanroussely.com\/wp-content\/uploads\/2025\/07\/20240716_0000101-1-300x225.jpg 300w, https:\/\/johanroussely.com\/wp-content\/uploads\/2025\/07\/20240716_0000101-1-768x576.jpg 768w, https:\/\/johanroussely.com\/wp-content\/uploads\/2025\/07\/20240716_0000101-1-1536x1152.jpg 1536w, https:\/\/johanroussely.com\/wp-content\/uploads\/2025\/07\/20240716_0000101-1-2048x1536.jpg 2048w\" sizes=\"auto, (max-width: 1024px) 100vw, 1024px\" \/><\/figure>\n\n\n\n<figure class=\"wp-block-image size-large\"><img loading=\"lazy\" decoding=\"async\" width=\"1024\" height=\"681\" data-id=\"206\" src=\"https:\/\/johanroussely.com\/wp-content\/uploads\/2025\/07\/IMG_01031-1024x681.jpg\" alt=\"Voyage en Norv\u00e8ge \u00e9t\u00e9 2024 - Johan Roussely\" class=\"wp-image-206\" srcset=\"https:\/\/johanroussely.com\/wp-content\/uploads\/2025\/07\/IMG_01031-1024x681.jpg 1024w, https:\/\/johanroussely.com\/wp-content\/uploads\/2025\/07\/IMG_01031-300x200.jpg 300w, https:\/\/johanroussely.com\/wp-content\/uploads\/2025\/07\/IMG_01031-768x511.jpg 768w, https:\/\/johanroussely.com\/wp-content\/uploads\/2025\/07\/IMG_01031-1536x1022.jpg 1536w, https:\/\/johanroussely.com\/wp-content\/uploads\/2025\/07\/IMG_01031-2048x1363.jpg 2048w\" sizes=\"auto, (max-width: 1024px) 100vw, 1024px\" \/><figcaption class=\"wp-element-caption\">Voyage en Norv\u00e8ge \u00e9t\u00e9 2024 &#8211; Johan Roussely<\/figcaption><\/figure>\n<\/figure>\n\n\n\n<p>Nous sommes parti en voiture en Norv\u00e8ge pour voir le soleil de minuit, le trajet \u00e9tait tr\u00e8s long.<\/p>\n\n\n\n<p>Nous sommes pass\u00e9es par Paris, La Belgique, L&rsquo;Allemagne, Le Danemark et La Su\u00e8de, pour arriver en Norv\u00e8ge \u00e0 Oslo.<\/p>\n\n\n\n<p>Nous avons visiter Oslo, et nous sommes mont\u00e9s aux Iles Lofoten, nous avons fait des randonn\u00e9es, nous avons pris le bateau pour traverser les fjords. Nous n&rsquo;avons pas pu voir les baleines \u00e0 cause du brouillard&#8230; Quel dommage !<\/p>\n\n\n\n<p>Apr\u00e8s quelques jours, nous sommes mont\u00e9s encore plus pour aller \u00e0 Tromso. On a pris le t\u00e9l\u00e9ph\u00e9rique pour voir des grands paysages.<\/p>\n\n\n\n<p>Et enfin, nous sommes revenus \u00e0 la maison de L\u00e8ge apr\u00e8s deux jours de voyage !<\/p>\n\n\n\n<p><\/p>\n","protected":false},"excerpt":{"rendered":"<p>Nous sommes parti en voiture en Norv\u00e8ge pour voir le soleil de minuit, le trajet \u00e9tait tr\u00e8s long. Nous sommes pass\u00e9es par Paris, La Belgique, L&rsquo;Allemagne, Le Danemark et La Su\u00e8de, pour arriver en Norv\u00e8ge \u00e0 Oslo. Nous avons visiter Oslo, et nous sommes mont\u00e9s aux Iles Lofoten, nous avons fait des randonn\u00e9es, nous avons [&hellip;]<\/p>\n","protected":false},"author":1,"featured_media":0,"parent":0,"menu_order":0,"comment_status":"closed","ping_status":"closed","template":"","meta":{"footnotes":""},"class_list":["post-256","page","type-page","status-publish","hentry"],"_links":{"self":[{"href":"https:\/\/johanroussely.com\/index.php\/wp-json\/wp\/v2\/pages\/256","targetHints":{"allow":["GET"]}}],"collection":[{"href":"https:\/\/johanroussely.com\/index.php\/wp-json\/wp\/v2\/pages"}],"about":[{"href":"https:\/\/johanroussely.com\/index.php\/wp-json\/wp\/v2\/types\/page"}],"author":[{"embeddable":true,"href":"https:\/\/johanroussely.com\/index.php\/wp-json\/wp\/v2\/users\/1"}],"replies":[{"embeddable":true,"href":"https:\/\/johanroussely.com\/index.php\/wp-json\/wp\/v2\/comments?post=256"}],"version-history":[{"count":3,"href":"https:\/\/johanroussely.com\/index.php\/wp-json\/wp\/v2\/pages\/256\/revisions"}],"predecessor-version":[{"id":269,"href":"https:\/\/johanroussely.com\/index.php\/wp-json\/wp\/v2\/pages\/256\/revisions\/269"}],"wp:attachment":[{"href":"https:\/\/johanroussely.com\/index.php\/wp-json\/wp\/v2\/media?parent=256"}],"curies":[{"name":"wp","href":"https:\/\/api.w.org\/{rel}","templated":true}]}}