{"id":130,"date":"2025-07-04T12:15:50","date_gmt":"2025-07-04T12:15:50","guid":{"rendered":"http:\/\/johanroussely.com\/?page_id=130"},"modified":"2025-07-20T14:27:52","modified_gmt":"2025-07-20T14:27:52","slug":"musique","status":"publish","type":"page","link":"https:\/\/johanroussely.com\/index.php\/musique\/","title":{"rendered":"Mes Musiques pr\u00e9f\u00e9r\u00e9es"},"content":{"rendered":"\n<p><strong>Le mus\u00e9e des Trolls et Edvard Grieg \u2013 Une rencontre avec \u00ab\u00a0Au Matin\u00a0\u00bb<\/strong><\/p>\n\n\n\n<figure class=\"wp-block-embed is-type-rich is-provider-prise-en-charge-des-contenus-embarqu-s wp-block-embed-prise-en-charge-des-contenus-embarqu-s wp-embed-aspect-4-3 wp-has-aspect-ratio\"><div class=\"wp-block-embed__wrapper\">\n<iframe loading=\"lazy\" title=\"Peer Gynt Suite N\u00b0 1 Op. 46-Le Matin -  Grieg\" width=\"500\" height=\"375\" src=\"https:\/\/www.youtube.com\/embed\/vimO9eGdnd8?feature=oembed\" frameborder=\"0\" allow=\"accelerometer; autoplay; clipboard-write; encrypted-media; gyroscope; picture-in-picture; web-share\" referrerpolicy=\"strict-origin-when-cross-origin\" allowfullscreen><\/iframe>\n<\/div><\/figure>\n\n\n\n<p>Lors de mon voyage en Norv\u00e8ge, j\u2019ai visit\u00e9 le mus\u00e9e des Trolls \u00e0 Troms\u00f8, Dans l\u2019une des salles j\u2019ai d\u00e9couvert &nbsp;la photo et la musique de Edvard Grieg &nbsp;accompagn\u00e9e de l\u2019une de ses \u0153uvres les plus c\u00e9l\u00e8bres : <em>Au Matin<\/em> (<em>Morgenstemning<\/em> en norv\u00e9gien), extrait de la musique de sc\u00e8ne qu\u2019il a compos\u00e9e en 1875 pour la pi\u00e8ce <strong>Peer Gynt<\/strong>, \u00e9crite par Henrik Ibsen.<\/p>\n\n\n\n<p>Au Matin, c\u2019est &nbsp;un drame musical qui regorge de m\u00e9lodies cultes comme Au Matin, cette musique s\u2019appelle en norv\u00e9gien Morgenstemning (le matin). et elle fait partie de la musique de sc\u00e8ne que Grieg a compos\u00e9e en 1875 pour la pi\u00e8ce de th\u00e9\u00e2tre <em>Peer Gynt<\/em>, \u00e9crite par <strong>Henrik Ibsen<\/strong>.<\/p>\n\n\n\n<p>C\u2019est un morceau tr\u00e8s doux et apaisant, qui commence avec le son l\u00e9ger des fl\u00fbtes et des cordes, pour repr\u00e9senter le lever du soleil dans la nature norv\u00e9gienne. Petit \u00e0 petit, la musique s\u2019\u00e9veille, comme un paysage qui se r\u00e9veille doucement au lever du jour.<\/p>\n\n\n\n<figure class=\"wp-block-gallery has-nested-images columns-default is-cropped wp-block-gallery-1 is-layout-flex wp-block-gallery-is-layout-flex\">\n<figure class=\"wp-block-image size-large\"><img loading=\"lazy\" decoding=\"async\" width=\"768\" height=\"1024\" data-id=\"167\" src=\"https:\/\/johanroussely.com\/wp-content\/uploads\/2025\/07\/20240719_1841581-768x1024.jpg\" alt=\"\" class=\"wp-image-167\" srcset=\"https:\/\/johanroussely.com\/wp-content\/uploads\/2025\/07\/20240719_1841581-768x1024.jpg 768w, https:\/\/johanroussely.com\/wp-content\/uploads\/2025\/07\/20240719_1841581-225x300.jpg 225w, https:\/\/johanroussely.com\/wp-content\/uploads\/2025\/07\/20240719_1841581-1152x1536.jpg 1152w, https:\/\/johanroussely.com\/wp-content\/uploads\/2025\/07\/20240719_1841581-1536x2048.jpg 1536w, https:\/\/johanroussely.com\/wp-content\/uploads\/2025\/07\/20240719_1841581-scaled.jpg 1920w\" sizes=\"auto, (max-width: 768px) 100vw, 768px\" \/><\/figure>\n\n\n\n<figure class=\"wp-block-image size-large\"><img loading=\"lazy\" decoding=\"async\" width=\"630\" height=\"1024\" data-id=\"165\" src=\"https:\/\/johanroussely.com\/wp-content\/uploads\/2025\/07\/20240719_1835401-630x1024.jpg\" alt=\"\" class=\"wp-image-165\" srcset=\"https:\/\/johanroussely.com\/wp-content\/uploads\/2025\/07\/20240719_1835401-630x1024.jpg 630w, https:\/\/johanroussely.com\/wp-content\/uploads\/2025\/07\/20240719_1835401-184x300.jpg 184w, https:\/\/johanroussely.com\/wp-content\/uploads\/2025\/07\/20240719_1835401-768x1249.jpg 768w, https:\/\/johanroussely.com\/wp-content\/uploads\/2025\/07\/20240719_1835401-944x1536.jpg 944w, https:\/\/johanroussely.com\/wp-content\/uploads\/2025\/07\/20240719_1835401-1259x2048.jpg 1259w, https:\/\/johanroussely.com\/wp-content\/uploads\/2025\/07\/20240719_1835401-scaled.jpg 1574w\" sizes=\"auto, (max-width: 630px) 100vw, 630px\" \/><\/figure>\n\n\n\n<figure class=\"wp-block-image size-large\"><img loading=\"lazy\" decoding=\"async\" width=\"688\" height=\"1024\" data-id=\"163\" src=\"https:\/\/johanroussely.com\/wp-content\/uploads\/2025\/07\/20240719_1835461-688x1024.jpg\" alt=\"\" class=\"wp-image-163\" srcset=\"https:\/\/johanroussely.com\/wp-content\/uploads\/2025\/07\/20240719_1835461-688x1024.jpg 688w, https:\/\/johanroussely.com\/wp-content\/uploads\/2025\/07\/20240719_1835461-202x300.jpg 202w, https:\/\/johanroussely.com\/wp-content\/uploads\/2025\/07\/20240719_1835461-768x1143.jpg 768w, https:\/\/johanroussely.com\/wp-content\/uploads\/2025\/07\/20240719_1835461-1032x1536.jpg 1032w, https:\/\/johanroussely.com\/wp-content\/uploads\/2025\/07\/20240719_1835461-1376x2048.jpg 1376w, https:\/\/johanroussely.com\/wp-content\/uploads\/2025\/07\/20240719_1835461-scaled.jpg 1720w\" sizes=\"auto, (max-width: 688px) 100vw, 688px\" \/><\/figure>\n<\/figure>\n\n\n\n<p>.<\/p>\n\n\n\n<p><\/p>\n\n\n\n<p><strong>Visite au Mus\u00e9e Gustave Moreau \u2014 Salom\u00e9 et la musique de Richard Strauss<\/strong><\/p>\n\n\n\n<figure class=\"wp-block-embed is-type-video is-provider-youtube wp-block-embed-youtube wp-embed-aspect-16-9 wp-has-aspect-ratio\"><div class=\"wp-block-embed__wrapper\">\n<iframe loading=\"lazy\" title=\"Richard Strauss - Dance of the Seven Veils\" width=\"500\" height=\"281\" src=\"https:\/\/www.youtube.com\/embed\/C14LfoE8G14?feature=oembed\" frameborder=\"0\" allow=\"accelerometer; autoplay; clipboard-write; encrypted-media; gyroscope; picture-in-picture; web-share\" referrerpolicy=\"strict-origin-when-cross-origin\" allowfullscreen><\/iframe>\n<\/div><\/figure>\n\n\n\n<p>Pour c\u00e9l\u00e9brer le Nouvel An 2024, je suis all\u00e9e visiter le <strong>Mus\u00e9e Gustave Moreau<\/strong> \u00e0 Paris. Ce lieu fascinant, qui fut autrefois la maison et l\u2019atelier du ma\u00eetre du symbolisme, abrite des \u0153uvres captivantes o\u00f9 se m\u00ealent mythologie, mysticisme et imagination.<\/p>\n\n\n\n<p>Parmi les tableaux qui m\u2019ont marqu\u00e9e, celui de <strong>Salom\u00e9<\/strong> occupe une place \u00e0 part. Cette figure biblique, fascinante et dangereuse, a inspir\u00e9 de nombreux artistes \u2014 dont <strong>Richard Strauss<\/strong>, compositeur de l\u2019op\u00e9ra <strong>Salom\u00e9<\/strong>.<\/p>\n\n\n\n<p>Dans cette \u0153uvre, la c\u00e9l\u00e8bre <strong>Danse des sept voiles<\/strong> se d\u00e9roule \u00e0 la quatri\u00e8me et derni\u00e8re sc\u00e8ne de l\u2019op\u00e9ra. C&rsquo;est un interlude symphonique envo\u00fbtant, d&rsquo;une dur\u00e9e de sept minutes (une minute par voile\u2026), qui accompagne le lent effeuillage de Salom\u00e9. Ce moment hypnotique et sensuel vise \u00e0 s\u00e9duire son beau-p\u00e8re, le roi H\u00e9rode. En \u00e9change de cette danse envo\u00fbtante, Salom\u00e9 obtient ce qu&rsquo;elle d\u00e9sire : la t\u00eate du proph\u00e8te <strong>Iokanaan<\/strong> (Jean-Baptiste) sur un plateau d&rsquo;argent.<\/p>\n\n\n\n<p>Cette connexion entre <strong>peinture symboliste<\/strong> et <strong>musique classique<\/strong> rend la visite encore plus immersive et intense.<\/p>\n\n\n\n<figure class=\"wp-block-image size-large\"><img loading=\"lazy\" decoding=\"async\" width=\"1024\" height=\"485\" src=\"https:\/\/johanroussely.com\/wp-content\/uploads\/2025\/07\/20240104_1031421-1024x485.jpg\" alt=\"\" class=\"wp-image-68\" srcset=\"https:\/\/johanroussely.com\/wp-content\/uploads\/2025\/07\/20240104_1031421-1024x485.jpg 1024w, https:\/\/johanroussely.com\/wp-content\/uploads\/2025\/07\/20240104_1031421-300x142.jpg 300w, https:\/\/johanroussely.com\/wp-content\/uploads\/2025\/07\/20240104_1031421-768x364.jpg 768w, https:\/\/johanroussely.com\/wp-content\/uploads\/2025\/07\/20240104_1031421-1536x728.jpg 1536w, https:\/\/johanroussely.com\/wp-content\/uploads\/2025\/07\/20240104_1031421-2048x971.jpg 2048w\" sizes=\"auto, (max-width: 1024px) 100vw, 1024px\" \/><\/figure>\n\n\n\n<figure class=\"wp-block-image size-large\"><img loading=\"lazy\" decoding=\"async\" width=\"680\" height=\"1024\" src=\"https:\/\/johanroussely.com\/wp-content\/uploads\/2025\/07\/heic1-680x1024.jpg\" alt=\"\" class=\"wp-image-66\" srcset=\"https:\/\/johanroussely.com\/wp-content\/uploads\/2025\/07\/heic1-680x1024.jpg 680w, https:\/\/johanroussely.com\/wp-content\/uploads\/2025\/07\/heic1-199x300.jpg 199w, https:\/\/johanroussely.com\/wp-content\/uploads\/2025\/07\/heic1-768x1157.jpg 768w, https:\/\/johanroussely.com\/wp-content\/uploads\/2025\/07\/heic1-1020x1536.jpg 1020w, https:\/\/johanroussely.com\/wp-content\/uploads\/2025\/07\/heic1-1360x2048.jpg 1360w, https:\/\/johanroussely.com\/wp-content\/uploads\/2025\/07\/heic1-scaled.jpg 1700w\" sizes=\"auto, (max-width: 680px) 100vw, 680px\" \/><\/figure>\n\n\n\n<p><\/p>\n","protected":false},"excerpt":{"rendered":"<p>Le mus\u00e9e des Trolls et Edvard Grieg \u2013 Une rencontre avec \u00ab\u00a0Au Matin\u00a0\u00bb Lors de mon voyage en Norv\u00e8ge, j\u2019ai visit\u00e9 le mus\u00e9e des Trolls \u00e0 Troms\u00f8, Dans l\u2019une des salles j\u2019ai d\u00e9couvert &nbsp;la photo et la musique de Edvard Grieg &nbsp;accompagn\u00e9e de l\u2019une de ses \u0153uvres les plus c\u00e9l\u00e8bres : Au Matin (Morgenstemning en [&hellip;]<\/p>\n","protected":false},"author":1,"featured_media":0,"parent":0,"menu_order":0,"comment_status":"closed","ping_status":"closed","template":"","meta":{"footnotes":""},"class_list":["post-130","page","type-page","status-publish","hentry"],"_links":{"self":[{"href":"https:\/\/johanroussely.com\/index.php\/wp-json\/wp\/v2\/pages\/130","targetHints":{"allow":["GET"]}}],"collection":[{"href":"https:\/\/johanroussely.com\/index.php\/wp-json\/wp\/v2\/pages"}],"about":[{"href":"https:\/\/johanroussely.com\/index.php\/wp-json\/wp\/v2\/types\/page"}],"author":[{"embeddable":true,"href":"https:\/\/johanroussely.com\/index.php\/wp-json\/wp\/v2\/users\/1"}],"replies":[{"embeddable":true,"href":"https:\/\/johanroussely.com\/index.php\/wp-json\/wp\/v2\/comments?post=130"}],"version-history":[{"count":17,"href":"https:\/\/johanroussely.com\/index.php\/wp-json\/wp\/v2\/pages\/130\/revisions"}],"predecessor-version":[{"id":240,"href":"https:\/\/johanroussely.com\/index.php\/wp-json\/wp\/v2\/pages\/130\/revisions\/240"}],"wp:attachment":[{"href":"https:\/\/johanroussely.com\/index.php\/wp-json\/wp\/v2\/media?parent=130"}],"curies":[{"name":"wp","href":"https:\/\/api.w.org\/{rel}","templated":true}]}}